{"id":3865,"date":"2025-11-24T12:33:28","date_gmt":"2025-11-24T11:33:28","guid":{"rendered":"https:\/\/patynails.adrirodrigom5.es\/?page_id=3865"},"modified":"2025-11-24T12:36:28","modified_gmt":"2025-11-24T11:36:28","slug":"registro-usuario","status":"publish","type":"page","link":"https:\/\/patynails.adrirodrigom5.es\/es\/registro-usuario\/","title":{"rendered":"Registro usaurio"},"content":{"rendered":"\t\t<div data-elementor-type=\"wp-page\" data-elementor-id=\"3865\" class=\"elementor elementor-3865\" data-elementor-post-type=\"page\">\n\t\t\t\t<div class=\"elementor-element elementor-element-a7d3409 e-flex e-con-boxed e-con e-parent\" data-id=\"a7d3409\" data-element_type=\"container\" data-e-type=\"container\">\n\t\t\t\t\t<div class=\"e-con-inner\">\n\t\t<div class=\"elementor-element elementor-element-f3a6d4a e-con-full e-flex e-con e-child\" data-id=\"f3a6d4a\" data-element_type=\"container\" data-e-type=\"container\" data-settings=\"{&quot;background_background&quot;:&quot;classic&quot;}\">\n\t\t\t\t<\/div>\n\t\t\t\t\t<\/div>\n\t\t\t\t<\/div>\n\t\t<div class=\"elementor-element elementor-element-d7e15c7 jedv-enabled--yes e-flex e-con-boxed e-con e-parent\" data-id=\"d7e15c7\" data-element_type=\"container\" data-e-type=\"container\">\n\t\t\t\t\t<div class=\"e-con-inner\">\n\t\t\t\t<div class=\"elementor-element elementor-element-65835bb elementor-widget elementor-widget-heading\" data-id=\"65835bb\" data-element_type=\"widget\" data-e-type=\"widget\" data-widget_type=\"heading.default\">\n\t\t\t\t<div class=\"elementor-widget-container\">\n\t\t\t\t\t<span class=\"elementor-heading-title elementor-size-default\">\u00a1Ya est\u00e1s registrado!<\/span>\t\t\t\t<\/div>\n\t\t\t\t<\/div>\n\t\t\t\t<div class=\"elementor-element elementor-element-eb44d07 elementor-align-center elementor-widget elementor-widget-button\" data-id=\"eb44d07\" data-element_type=\"widget\" data-e-type=\"widget\" data-widget_type=\"button.default\">\n\t\t\t\t<div class=\"elementor-widget-container\">\n\t\t\t\t\t\t\t\t\t<div class=\"elementor-button-wrapper\">\n\t\t\t\t\t<a class=\"elementor-button elementor-button-link elementor-size-sm\" href=\"https:\/\/nortsom.com\/\">\n\t\t\t\t\t\t<span class=\"elementor-button-content-wrapper\">\n\t\t\t\t\t\t<span class=\"elementor-button-icon\">\n\t\t\t\t<svg aria-hidden=\"true\" class=\"e-font-icon-svg e-fas-backspace\" viewBox=\"0 0 640 512\" xmlns=\"http:\/\/www.w3.org\/2000\/svg\"><path d=\"M576 64H205.26A63.97 63.97 0 0 0 160 82.75L9.37 233.37c-12.5 12.5-12.5 32.76 0 45.25L160 429.25c12 12 28.28 18.75 45.25 18.75H576c35.35 0 64-28.65 64-64V128c0-35.35-28.65-64-64-64zm-84.69 254.06c6.25 6.25 6.25 16.38 0 22.63l-22.62 22.62c-6.25 6.25-16.38 6.25-22.63 0L384 301.25l-62.06 62.06c-6.25 6.25-16.38 6.25-22.63 0l-22.62-22.62c-6.25-6.25-6.25-16.38 0-22.63L338.75 256l-62.06-62.06c-6.25-6.25-6.25-16.38 0-22.63l22.62-22.62c6.25-6.25 16.38-6.25 22.63 0L384 210.75l62.06-62.06c6.25-6.25 16.38-6.25 22.63 0l22.62 22.62c6.25 6.25 6.25 16.38 0 22.63L429.25 256l62.06 62.06z\"><\/path><\/svg>\t\t\t<\/span>\n\t\t\t\t\t\t\t\t\t<span class=\"elementor-button-text\">Volver<\/span>\n\t\t\t\t\t<\/span>\n\t\t\t\t\t<\/a>\n\t\t\t\t<\/div>\n\t\t\t\t\t\t\t\t<\/div>\n\t\t\t\t<\/div>\n\t\t\t\t\t<\/div>\n\t\t\t\t<\/div>\n\t\t\t\t<\/div>\n\t\t","protected":false},"excerpt":{"rendered":"<p>Formulario registro Nombre* Apellido* Correo Electr\u00f3nico* Contrase\u00f1a* Repetir contrase\u00f1a* Crear cuenta \u00a1Ya est\u00e1s registrado! Volver<\/p>\n","protected":false},"author":6,"featured_media":0,"parent":0,"menu_order":0,"comment_status":"closed","ping_status":"closed","template":"","meta":{"footnotes":""},"class_list":["post-3865","page","type-page","status-publish","hentry"],"yoast_head":"<!-- This site is optimized with the Yoast SEO plugin v27.3 - https:\/\/yoast.com\/product\/yoast-seo-wordpress\/ -->\n<title>Registro usaurio - Patynails<\/title>\n<meta name=\"robots\" content=\"noindex, follow, max-snippet:-1, max-image-preview:large, max-video-preview:-1\" \/>\n<meta property=\"og:locale\" content=\"es_ES\" \/>\n<meta property=\"og:type\" content=\"article\" \/>\n<meta property=\"og:title\" content=\"Registro usaurio - Patynails\" \/>\n<meta property=\"og:description\" content=\"Formulario registro Nombre* Apellido* Correo Electr\u00f3nico* Contrase\u00f1a* Repetir contrase\u00f1a* Crear cuenta \u00a1Ya est\u00e1s registrado! Volver\" \/>\n<meta property=\"og:url\" content=\"https:\/\/patynails.adrirodrigom5.es\/es\/registro-usuario\/\" \/>\n<meta property=\"og:site_name\" content=\"Patynails\" \/>\n<meta property=\"article:modified_time\" content=\"2025-11-24T11:36:28+00:00\" \/>\n<meta name=\"twitter:card\" content=\"summary_large_image\" \/>\n<meta name=\"twitter:label1\" content=\"Tiempo de lectura\" \/>\n\t<meta name=\"twitter:data1\" content=\"1 minuto\" \/>\n<script type=\"application\/ld+json\" class=\"yoast-schema-graph\">{\"@context\":\"https:\\\/\\\/schema.org\",\"@graph\":[{\"@type\":\"WebPage\",\"@id\":\"https:\\\/\\\/patynails.adrirodrigom5.es\\\/registro-usuario\\\/\",\"url\":\"https:\\\/\\\/patynails.adrirodrigom5.es\\\/registro-usuario\\\/\",\"name\":\"Registro usaurio - Patynails\",\"isPartOf\":{\"@id\":\"https:\\\/\\\/patynails.adrirodrigom5.es\\\/#website\"},\"datePublished\":\"2025-11-24T11:33:28+00:00\",\"dateModified\":\"2025-11-24T11:36:28+00:00\",\"breadcrumb\":{\"@id\":\"https:\\\/\\\/patynails.adrirodrigom5.es\\\/registro-usuario\\\/#breadcrumb\"},\"inLanguage\":\"es\",\"potentialAction\":[{\"@type\":\"ReadAction\",\"target\":[\"https:\\\/\\\/patynails.adrirodrigom5.es\\\/registro-usuario\\\/\"]}]},{\"@type\":\"BreadcrumbList\",\"@id\":\"https:\\\/\\\/patynails.adrirodrigom5.es\\\/registro-usuario\\\/#breadcrumb\",\"itemListElement\":[{\"@type\":\"ListItem\",\"position\":1,\"name\":\"Portada\",\"item\":\"https:\\\/\\\/patynails.adrirodrigom5.es\\\/es\\\/\"},{\"@type\":\"ListItem\",\"position\":2,\"name\":\"Registro usaurio\"}]},{\"@type\":\"WebSite\",\"@id\":\"https:\\\/\\\/patynails.adrirodrigom5.es\\\/#website\",\"url\":\"https:\\\/\\\/patynails.adrirodrigom5.es\\\/\",\"name\":\"Patynails\",\"description\":\"\",\"publisher\":{\"@id\":\"https:\\\/\\\/patynails.adrirodrigom5.es\\\/#organization\"},\"potentialAction\":[{\"@type\":\"SearchAction\",\"target\":{\"@type\":\"EntryPoint\",\"urlTemplate\":\"https:\\\/\\\/patynails.adrirodrigom5.es\\\/?s={search_term_string}\"},\"query-input\":{\"@type\":\"PropertyValueSpecification\",\"valueRequired\":true,\"valueName\":\"search_term_string\"}}],\"inLanguage\":\"es\"},{\"@type\":\"Organization\",\"@id\":\"https:\\\/\\\/patynails.adrirodrigom5.es\\\/#organization\",\"name\":\"Patynails\",\"url\":\"https:\\\/\\\/patynails.adrirodrigom5.es\\\/\",\"logo\":{\"@type\":\"ImageObject\",\"inLanguage\":\"es\",\"@id\":\"https:\\\/\\\/patynails.adrirodrigom5.es\\\/#\\\/schema\\\/logo\\\/image\\\/\",\"url\":\"https:\\\/\\\/patynails.adrirodrigom5.es\\\/wp-content\\\/uploads\\\/2025\\\/11\\\/logo.png\",\"contentUrl\":\"https:\\\/\\\/patynails.adrirodrigom5.es\\\/wp-content\\\/uploads\\\/2025\\\/11\\\/logo.png\",\"width\":1200,\"height\":161,\"caption\":\"Patynails\"},\"image\":{\"@id\":\"https:\\\/\\\/patynails.adrirodrigom5.es\\\/#\\\/schema\\\/logo\\\/image\\\/\"}}]}<\/script>\n<!-- \/ Yoast SEO plugin. -->","yoast_head_json":{"title":"Registro usaurio - Patynails","robots":{"index":"noindex","follow":"follow","max-snippet":"max-snippet:-1","max-image-preview":"max-image-preview:large","max-video-preview":"max-video-preview:-1"},"og_locale":"es_ES","og_type":"article","og_title":"Registro usaurio - Patynails","og_description":"Formulario registro Nombre* Apellido* Correo Electr\u00f3nico* Contrase\u00f1a* Repetir contrase\u00f1a* Crear cuenta \u00a1Ya est\u00e1s registrado! Volver","og_url":"https:\/\/patynails.adrirodrigom5.es\/es\/registro-usuario\/","og_site_name":"Patynails","article_modified_time":"2025-11-24T11:36:28+00:00","twitter_card":"summary_large_image","twitter_misc":{"Tiempo de lectura":"1 minuto"},"schema":{"@context":"https:\/\/schema.org","@graph":[{"@type":"WebPage","@id":"https:\/\/patynails.adrirodrigom5.es\/registro-usuario\/","url":"https:\/\/patynails.adrirodrigom5.es\/registro-usuario\/","name":"Registro usaurio - Patynails","isPartOf":{"@id":"https:\/\/patynails.adrirodrigom5.es\/#website"},"datePublished":"2025-11-24T11:33:28+00:00","dateModified":"2025-11-24T11:36:28+00:00","breadcrumb":{"@id":"https:\/\/patynails.adrirodrigom5.es\/registro-usuario\/#breadcrumb"},"inLanguage":"es","potentialAction":[{"@type":"ReadAction","target":["https:\/\/patynails.adrirodrigom5.es\/registro-usuario\/"]}]},{"@type":"BreadcrumbList","@id":"https:\/\/patynails.adrirodrigom5.es\/registro-usuario\/#breadcrumb","itemListElement":[{"@type":"ListItem","position":1,"name":"Portada","item":"https:\/\/patynails.adrirodrigom5.es\/es\/"},{"@type":"ListItem","position":2,"name":"Registro usaurio"}]},{"@type":"WebSite","@id":"https:\/\/patynails.adrirodrigom5.es\/#website","url":"https:\/\/patynails.adrirodrigom5.es\/","name":"Patynails","description":"","publisher":{"@id":"https:\/\/patynails.adrirodrigom5.es\/#organization"},"potentialAction":[{"@type":"SearchAction","target":{"@type":"EntryPoint","urlTemplate":"https:\/\/patynails.adrirodrigom5.es\/?s={search_term_string}"},"query-input":{"@type":"PropertyValueSpecification","valueRequired":true,"valueName":"search_term_string"}}],"inLanguage":"es"},{"@type":"Organization","@id":"https:\/\/patynails.adrirodrigom5.es\/#organization","name":"Patynails","url":"https:\/\/patynails.adrirodrigom5.es\/","logo":{"@type":"ImageObject","inLanguage":"es","@id":"https:\/\/patynails.adrirodrigom5.es\/#\/schema\/logo\/image\/","url":"https:\/\/patynails.adrirodrigom5.es\/wp-content\/uploads\/2025\/11\/logo.png","contentUrl":"https:\/\/patynails.adrirodrigom5.es\/wp-content\/uploads\/2025\/11\/logo.png","width":1200,"height":161,"caption":"Patynails"},"image":{"@id":"https:\/\/patynails.adrirodrigom5.es\/#\/schema\/logo\/image\/"}}]}},"_links":{"self":[{"href":"https:\/\/patynails.adrirodrigom5.es\/es\/wp-json\/wp\/v2\/pages\/3865","targetHints":{"allow":["GET"]}}],"collection":[{"href":"https:\/\/patynails.adrirodrigom5.es\/es\/wp-json\/wp\/v2\/pages"}],"about":[{"href":"https:\/\/patynails.adrirodrigom5.es\/es\/wp-json\/wp\/v2\/types\/page"}],"author":[{"embeddable":true,"href":"https:\/\/patynails.adrirodrigom5.es\/es\/wp-json\/wp\/v2\/users\/6"}],"replies":[{"embeddable":true,"href":"https:\/\/patynails.adrirodrigom5.es\/es\/wp-json\/wp\/v2\/comments?post=3865"}],"version-history":[{"count":7,"href":"https:\/\/patynails.adrirodrigom5.es\/es\/wp-json\/wp\/v2\/pages\/3865\/revisions"}],"predecessor-version":[{"id":3874,"href":"https:\/\/patynails.adrirodrigom5.es\/es\/wp-json\/wp\/v2\/pages\/3865\/revisions\/3874"}],"wp:attachment":[{"href":"https:\/\/patynails.adrirodrigom5.es\/es\/wp-json\/wp\/v2\/media?parent=3865"}],"curies":[{"name":"wp","href":"https:\/\/api.w.org\/{rel}","templated":true}]}}