{"id":39,"date":"2025-10-16T10:05:57","date_gmt":"2025-10-16T08:05:57","guid":{"rendered":"https:\/\/patynails.adrirodrigom5.es\/mi-cuenta\/"},"modified":"2025-11-24T12:30:06","modified_gmt":"2025-11-24T11:30:06","slug":"mi-cuenta","status":"publish","type":"page","link":"https:\/\/patynails.adrirodrigom5.es\/en\/mi-cuenta\/","title":{"rendered":"Mi cuenta"},"content":{"rendered":"<div data-elementor-type=\"wp-page\" data-elementor-id=\"39\" class=\"elementor elementor-39\" data-elementor-post-type=\"page\">\n\t\t\t\t<div class=\"elementor-element elementor-element-a7d3409 e-flex e-con-boxed e-con e-parent\" data-id=\"a7d3409\" data-element_type=\"container\" data-e-type=\"container\">\n\t\t\t\t\t<div class=\"e-con-inner\">\n\t\t<div class=\"elementor-element elementor-element-f3a6d4a e-con-full e-flex e-con e-child\" data-id=\"f3a6d4a\" data-element_type=\"container\" data-e-type=\"container\" data-settings=\"{&quot;background_background&quot;:&quot;classic&quot;}\">\n\t\t\t\t<\/div>\n\t\t\t\t\t<\/div>\n\t\t\t\t<\/div>\n\t\t<div class=\"elementor-element elementor-element-d7e15c7 jedv-enabled--yes e-flex e-con-boxed e-con e-parent\" data-id=\"d7e15c7\" data-element_type=\"container\" data-e-type=\"container\">\n\t\t\t\t\t<div class=\"e-con-inner\">\n\t\t\t\t<div class=\"elementor-element elementor-element-3a723a1 e-my-account-tabs-horizontal elementor-widget elementor-widget-woocommerce-my-account\" data-id=\"3a723a1\" data-element_type=\"widget\" data-e-type=\"widget\" data-widget_type=\"woocommerce-my-account.default\">\n\t\t\t\t<div class=\"elementor-widget-container\">\n\t\t\t\t\t<div class=\"e-my-account-tab e-my-account-tab__\">\t\t\t<div class=\"woocommerce\"><\/div>\t\t<\/div>\n\t\t\t\t\t\t<\/div>\n\t\t\t\t<\/div>\n\t\t\t\t<div class=\"elementor-element elementor-element-a43706f elementor-widget elementor-widget-text-editor\" data-id=\"a43706f\" data-element_type=\"widget\" data-e-type=\"widget\" data-widget_type=\"text-editor.default\">\n\t\t\t\t<div class=\"elementor-widget-container\">\n\t\t\t\t\t\t\t\t\t<h5>\u00bfNo tienes cuenta?\u00a0 <a href=\"\/registro-usuario\/\"><strong>Reg\u00edstrate aqu\u00ed<\/strong><\/a>.<\/h5>\t\t\t\t\t\t\t\t<\/div>\n\t\t\t\t<\/div>\n\t\t\t\t\t<\/div>\n\t\t\t\t<\/div>\n\t\t\t\t<\/div>","protected":false},"excerpt":{"rendered":"<p>Escritorio Pedidos Descargas Direcciones Detalles de la cuenta Cerrar sesi\u00f3n Escritorio Pedidos Descargas Direcciones Detalles de la cuenta Cerrar sesi\u00f3n Escritorio Pedidos Descargas Direcciones Detalles de la cuenta Cerrar sesi\u00f3n Escritorio Pedidos Descargas Direcciones Detalles de la cuenta Cerrar sesi\u00f3n Escritorio Pedidos Descargas Direcciones Detalles de la cuenta Cerrar sesi\u00f3n Escritorio Pedidos Descargas Direcciones Detalles [&hellip;]<\/p>\n","protected":false},"author":1,"featured_media":0,"parent":0,"menu_order":0,"comment_status":"closed","ping_status":"closed","template":"","meta":{"footnotes":""},"class_list":["post-39","page","type-page","status-publish","hentry"],"yoast_head":"<!-- This site is optimized with the Yoast SEO plugin v27.3 - https:\/\/yoast.com\/product\/yoast-seo-wordpress\/ -->\n<title>Mi cuenta - Patynails<\/title>\n<meta name=\"robots\" content=\"noindex, follow, max-snippet:-1, max-image-preview:large, max-video-preview:-1\" \/>\n<meta property=\"og:locale\" content=\"en_GB\" \/>\n<meta property=\"og:type\" content=\"article\" \/>\n<meta property=\"og:title\" content=\"Mi cuenta - Patynails\" \/>\n<meta property=\"og:description\" content=\"Escritorio Pedidos Descargas Direcciones Detalles de la cuenta Cerrar sesi\u00f3n Escritorio Pedidos Descargas Direcciones Detalles de la cuenta Cerrar sesi\u00f3n Escritorio Pedidos Descargas Direcciones Detalles de la cuenta Cerrar sesi\u00f3n Escritorio Pedidos Descargas Direcciones Detalles de la cuenta Cerrar sesi\u00f3n Escritorio Pedidos Descargas Direcciones Detalles de la cuenta Cerrar sesi\u00f3n Escritorio Pedidos Descargas Direcciones Detalles [&hellip;]\" \/>\n<meta property=\"og:url\" content=\"https:\/\/patynails.adrirodrigom5.es\/en\/mi-cuenta\/\" \/>\n<meta property=\"og:site_name\" content=\"Patynails\" \/>\n<meta property=\"article:modified_time\" content=\"2025-11-24T11:30:06+00:00\" \/>\n<meta name=\"twitter:card\" content=\"summary_large_image\" \/>\n<meta name=\"twitter:label1\" content=\"Estimated reading time\" \/>\n\t<meta name=\"twitter:data1\" content=\"2 minutes\" \/>\n<script type=\"application\/ld+json\" class=\"yoast-schema-graph\">{\"@context\":\"https:\\\/\\\/schema.org\",\"@graph\":[{\"@type\":\"WebPage\",\"@id\":\"https:\\\/\\\/patynails.adrirodrigom5.es\\\/mi-cuenta\\\/\",\"url\":\"https:\\\/\\\/patynails.adrirodrigom5.es\\\/mi-cuenta\\\/\",\"name\":\"Mi cuenta - Patynails\",\"isPartOf\":{\"@id\":\"https:\\\/\\\/patynails.adrirodrigom5.es\\\/#website\"},\"datePublished\":\"2025-10-16T08:05:57+00:00\",\"dateModified\":\"2025-11-24T11:30:06+00:00\",\"breadcrumb\":{\"@id\":\"https:\\\/\\\/patynails.adrirodrigom5.es\\\/mi-cuenta\\\/#breadcrumb\"},\"inLanguage\":\"en-GB\",\"potentialAction\":[{\"@type\":\"ReadAction\",\"target\":[\"https:\\\/\\\/patynails.adrirodrigom5.es\\\/mi-cuenta\\\/\"]}]},{\"@type\":\"BreadcrumbList\",\"@id\":\"https:\\\/\\\/patynails.adrirodrigom5.es\\\/mi-cuenta\\\/#breadcrumb\",\"itemListElement\":[{\"@type\":\"ListItem\",\"position\":1,\"name\":\"Portada\",\"item\":\"https:\\\/\\\/patynails.adrirodrigom5.es\\\/es\\\/\"},{\"@type\":\"ListItem\",\"position\":2,\"name\":\"Mi cuenta\"}]},{\"@type\":\"WebSite\",\"@id\":\"https:\\\/\\\/patynails.adrirodrigom5.es\\\/#website\",\"url\":\"https:\\\/\\\/patynails.adrirodrigom5.es\\\/\",\"name\":\"Patynails\",\"description\":\"\",\"publisher\":{\"@id\":\"https:\\\/\\\/patynails.adrirodrigom5.es\\\/#organization\"},\"potentialAction\":[{\"@type\":\"SearchAction\",\"target\":{\"@type\":\"EntryPoint\",\"urlTemplate\":\"https:\\\/\\\/patynails.adrirodrigom5.es\\\/?s={search_term_string}\"},\"query-input\":{\"@type\":\"PropertyValueSpecification\",\"valueRequired\":true,\"valueName\":\"search_term_string\"}}],\"inLanguage\":\"en-GB\"},{\"@type\":\"Organization\",\"@id\":\"https:\\\/\\\/patynails.adrirodrigom5.es\\\/#organization\",\"name\":\"Patynails\",\"url\":\"https:\\\/\\\/patynails.adrirodrigom5.es\\\/\",\"logo\":{\"@type\":\"ImageObject\",\"inLanguage\":\"en-GB\",\"@id\":\"https:\\\/\\\/patynails.adrirodrigom5.es\\\/#\\\/schema\\\/logo\\\/image\\\/\",\"url\":\"https:\\\/\\\/patynails.adrirodrigom5.es\\\/wp-content\\\/uploads\\\/2025\\\/11\\\/logo.png\",\"contentUrl\":\"https:\\\/\\\/patynails.adrirodrigom5.es\\\/wp-content\\\/uploads\\\/2025\\\/11\\\/logo.png\",\"width\":1200,\"height\":161,\"caption\":\"Patynails\"},\"image\":{\"@id\":\"https:\\\/\\\/patynails.adrirodrigom5.es\\\/#\\\/schema\\\/logo\\\/image\\\/\"}}]}<\/script>\n<!-- \/ Yoast SEO plugin. -->","yoast_head_json":{"title":"Mi cuenta - Patynails","robots":{"index":"noindex","follow":"follow","max-snippet":"max-snippet:-1","max-image-preview":"max-image-preview:large","max-video-preview":"max-video-preview:-1"},"og_locale":"en_GB","og_type":"article","og_title":"Mi cuenta - Patynails","og_description":"Escritorio Pedidos Descargas Direcciones Detalles de la cuenta Cerrar sesi\u00f3n Escritorio Pedidos Descargas Direcciones Detalles de la cuenta Cerrar sesi\u00f3n Escritorio Pedidos Descargas Direcciones Detalles de la cuenta Cerrar sesi\u00f3n Escritorio Pedidos Descargas Direcciones Detalles de la cuenta Cerrar sesi\u00f3n Escritorio Pedidos Descargas Direcciones Detalles de la cuenta Cerrar sesi\u00f3n Escritorio Pedidos Descargas Direcciones Detalles [&hellip;]","og_url":"https:\/\/patynails.adrirodrigom5.es\/en\/mi-cuenta\/","og_site_name":"Patynails","article_modified_time":"2025-11-24T11:30:06+00:00","twitter_card":"summary_large_image","twitter_misc":{"Estimated reading time":"2 minutes"},"schema":{"@context":"https:\/\/schema.org","@graph":[{"@type":"WebPage","@id":"https:\/\/patynails.adrirodrigom5.es\/mi-cuenta\/","url":"https:\/\/patynails.adrirodrigom5.es\/mi-cuenta\/","name":"Mi cuenta - Patynails","isPartOf":{"@id":"https:\/\/patynails.adrirodrigom5.es\/#website"},"datePublished":"2025-10-16T08:05:57+00:00","dateModified":"2025-11-24T11:30:06+00:00","breadcrumb":{"@id":"https:\/\/patynails.adrirodrigom5.es\/mi-cuenta\/#breadcrumb"},"inLanguage":"en-GB","potentialAction":[{"@type":"ReadAction","target":["https:\/\/patynails.adrirodrigom5.es\/mi-cuenta\/"]}]},{"@type":"BreadcrumbList","@id":"https:\/\/patynails.adrirodrigom5.es\/mi-cuenta\/#breadcrumb","itemListElement":[{"@type":"ListItem","position":1,"name":"Portada","item":"https:\/\/patynails.adrirodrigom5.es\/es\/"},{"@type":"ListItem","position":2,"name":"Mi cuenta"}]},{"@type":"WebSite","@id":"https:\/\/patynails.adrirodrigom5.es\/#website","url":"https:\/\/patynails.adrirodrigom5.es\/","name":"Patynails","description":"","publisher":{"@id":"https:\/\/patynails.adrirodrigom5.es\/#organization"},"potentialAction":[{"@type":"SearchAction","target":{"@type":"EntryPoint","urlTemplate":"https:\/\/patynails.adrirodrigom5.es\/?s={search_term_string}"},"query-input":{"@type":"PropertyValueSpecification","valueRequired":true,"valueName":"search_term_string"}}],"inLanguage":"en-GB"},{"@type":"Organization","@id":"https:\/\/patynails.adrirodrigom5.es\/#organization","name":"Patynails","url":"https:\/\/patynails.adrirodrigom5.es\/","logo":{"@type":"ImageObject","inLanguage":"en-GB","@id":"https:\/\/patynails.adrirodrigom5.es\/#\/schema\/logo\/image\/","url":"https:\/\/patynails.adrirodrigom5.es\/wp-content\/uploads\/2025\/11\/logo.png","contentUrl":"https:\/\/patynails.adrirodrigom5.es\/wp-content\/uploads\/2025\/11\/logo.png","width":1200,"height":161,"caption":"Patynails"},"image":{"@id":"https:\/\/patynails.adrirodrigom5.es\/#\/schema\/logo\/image\/"}}]}},"_links":{"self":[{"href":"https:\/\/patynails.adrirodrigom5.es\/en\/wp-json\/wp\/v2\/pages\/39","targetHints":{"allow":["GET"]}}],"collection":[{"href":"https:\/\/patynails.adrirodrigom5.es\/en\/wp-json\/wp\/v2\/pages"}],"about":[{"href":"https:\/\/patynails.adrirodrigom5.es\/en\/wp-json\/wp\/v2\/types\/page"}],"author":[{"embeddable":true,"href":"https:\/\/patynails.adrirodrigom5.es\/en\/wp-json\/wp\/v2\/users\/1"}],"replies":[{"embeddable":true,"href":"https:\/\/patynails.adrirodrigom5.es\/en\/wp-json\/wp\/v2\/comments?post=39"}],"version-history":[{"count":6,"href":"https:\/\/patynails.adrirodrigom5.es\/en\/wp-json\/wp\/v2\/pages\/39\/revisions"}],"predecessor-version":[{"id":3858,"href":"https:\/\/patynails.adrirodrigom5.es\/en\/wp-json\/wp\/v2\/pages\/39\/revisions\/3858"}],"wp:attachment":[{"href":"https:\/\/patynails.adrirodrigom5.es\/en\/wp-json\/wp\/v2\/media?parent=39"}],"curies":[{"name":"wp","href":"https:\/\/api.w.org\/{rel}","templated":true}]}}