{"id":3494,"date":"2025-11-14T13:07:53","date_gmt":"2025-11-14T12:07:53","guid":{"rendered":"https:\/\/patynails.adrirodrigom5.es\/?page_id=3494"},"modified":"2025-11-24T12:18:20","modified_gmt":"2025-11-24T11:18:20","slug":"tarifas-profesionales","status":"publish","type":"page","link":"https:\/\/patynails.adrirodrigom5.es\/en\/tarifas-profesionales\/","title":{"rendered":"Tarifas profesionales"},"content":{"rendered":"\t\t<div data-elementor-type=\"wp-page\" data-elementor-id=\"3494\" class=\"elementor elementor-3494\" data-elementor-post-type=\"page\">\n\t\t\t\t<div class=\"elementor-element elementor-element-cd9eb4b e-flex e-con-boxed e-con e-parent\" data-id=\"cd9eb4b\" data-element_type=\"container\" data-e-type=\"container\">\n\t\t\t\t\t<div class=\"e-con-inner\">\n\t\t<div class=\"elementor-element elementor-element-f2df9d1 e-con-full e-flex e-con e-child\" data-id=\"f2df9d1\" data-element_type=\"container\" data-e-type=\"container\" data-settings=\"{&quot;background_background&quot;:&quot;classic&quot;}\">\n\t\t\t\t<\/div>\n\t\t\t\t\t<\/div>\n\t\t\t\t<\/div>\n\t\t<div class=\"elementor-element elementor-element-84088ef e-flex e-con-boxed e-con e-parent\" data-id=\"84088ef\" data-element_type=\"container\" data-e-type=\"container\">\n\t\t\t\t\t<div class=\"e-con-inner\">\n\t\t<div class=\"elementor-element elementor-element-2ca4f6f e-con-full e-flex elementor-invisible e-con e-child\" data-id=\"2ca4f6f\" data-element_type=\"container\" data-e-type=\"container\" data-settings=\"{&quot;animation&quot;:&quot;fadeIn&quot;}\">\n\t\t\t\t<div class=\"elementor-element elementor-element-318e733 elementor-invisible elementor-widget elementor-widget-heading\" data-id=\"318e733\" data-element_type=\"widget\" data-e-type=\"widget\" data-settings=\"{&quot;_animation&quot;:&quot;fadeInUp&quot;}\" data-widget_type=\"heading.default\">\n\t\t\t\t<div class=\"elementor-widget-container\">\n\t\t\t\t\t<h2 class=\"elementor-heading-title elementor-size-default\">ATENCI\u00d3N !!<\/h2>\t\t\t\t<\/div>\n\t\t\t\t<\/div>\n\t\t\t\t<div class=\"elementor-element elementor-element-e6d95ff elementor-widget elementor-widget-text-editor\" data-id=\"e6d95ff\" data-element_type=\"widget\" data-e-type=\"widget\" data-widget_type=\"text-editor.default\">\n\t\t\t\t<div class=\"elementor-widget-container\">\n\t\t\t\t\t\t\t\t\t<p>Tenemos para profesionales con un descuento del 10% en todos los art\u00edculos de nuestra p\u00e1gina web.<\/p><p>Lo \u00fanico que tienes que hacer es enviarnos a trav\u00e9s de este mail shop@patynails.com el modelo 036 de Hacienda para poder activar tu descuento en la web o rellena el siguiente formulario.<\/p>\t\t\t\t\t\t\t\t<\/div>\n\t\t\t\t<\/div>\n\t\t\t\t<div class=\"elementor-element elementor-element-b63645b elementor-button-align-stretch elementor-widget elementor-widget-form\" data-id=\"b63645b\" data-element_type=\"widget\" data-e-type=\"widget\" data-settings=\"{&quot;step_next_label&quot;:&quot;Siguiente&quot;,&quot;step_previous_label&quot;:&quot;Anterior&quot;,&quot;button_width&quot;:&quot;100&quot;,&quot;step_type&quot;:&quot;number_text&quot;,&quot;step_icon_shape&quot;:&quot;circle&quot;}\" data-widget_type=\"form.default\">\n\t\t\t\t<div class=\"elementor-widget-container\">\n\t\t\t\t\t\t\t<form class=\"elementor-form\" method=\"post\" name=\"Nuevo formulario\" aria-label=\"Nuevo formulario\">\n\t\t\t<input type=\"hidden\" name=\"post_id\" value=\"3494\"\/>\n\t\t\t<input type=\"hidden\" name=\"form_id\" value=\"b63645b\"\/>\n\t\t\t<input type=\"hidden\" name=\"referer_title\" value=\"Tarifas profesionales - Patynails\" \/>\n\n\t\t\t\t\t\t\t<input type=\"hidden\" name=\"queried_id\" value=\"3494\"\/>\n\t\t\t\n\t\t\t<div class=\"elementor-form-fields-wrapper elementor-labels-\">\n\t\t\t\t\t\t\t\t<div class=\"elementor-field-type-text elementor-field-group elementor-column elementor-field-group-name elementor-col-100\">\n\t\t\t\t\t\t\t\t\t\t\t\t<label for=\"form-field-name\" class=\"elementor-field-label elementor-screen-only\">\n\t\t\t\t\t\t\t\tNombre\t\t\t\t\t\t\t<\/label>\n\t\t\t\t\t\t\t\t\t\t\t\t\t\t<input size=\"1\" type=\"text\" name=\"form_fields[name]\" id=\"form-field-name\" class=\"elementor-field elementor-size-sm  elementor-field-textual\" placeholder=\"Nombre\">\n\t\t\t\t\t\t\t\t\t\t\t<\/div>\n\t\t\t\t\t\t\t\t<div class=\"elementor-field-type-email elementor-field-group elementor-column elementor-field-group-email elementor-col-50 elementor-field-required\">\n\t\t\t\t\t\t\t\t\t\t\t\t<label for=\"form-field-email\" class=\"elementor-field-label elementor-screen-only\">\n\t\t\t\t\t\t\t\tCorreo electr\u00f3nico\t\t\t\t\t\t\t<\/label>\n\t\t\t\t\t\t\t\t\t\t\t\t\t\t<input size=\"1\" type=\"email\" name=\"form_fields[email]\" id=\"form-field-email\" class=\"elementor-field elementor-size-sm  elementor-field-textual\" placeholder=\"Correo electr\u00f3nico\" required=\"required\">\n\t\t\t\t\t\t\t\t\t\t\t<\/div>\n\t\t\t\t\t\t\t\t<div class=\"elementor-field-type-tel elementor-field-group elementor-column elementor-field-group-field_1a7dc0b elementor-col-50 elementor-field-required\">\n\t\t\t\t\t\t\t\t\t\t\t\t<label for=\"form-field-field_1a7dc0b\" class=\"elementor-field-label elementor-screen-only\">\n\t\t\t\t\t\t\t\tTel\u00e9fono\t\t\t\t\t\t\t<\/label>\n\t\t\t\t\t\t\t\t<input size=\"1\" type=\"tel\" name=\"form_fields[field_1a7dc0b]\" id=\"form-field-field_1a7dc0b\" class=\"elementor-field elementor-size-sm  elementor-field-textual\" placeholder=\"Tel\u00e9fono\" required=\"required\" pattern=\"[0-9()#&amp;+*-=.]+\" title=\"Only numbers and phone characters (#, -, *, etc) are accepted.\">\n\n\t\t\t\t\t\t<\/div>\n\t\t\t\t\t\t\t\t<div class=\"elementor-field-type-upload elementor-field-group elementor-column elementor-field-group-field_831c370 elementor-col-100\">\n\t\t\t\t\t\t\t\t\t\t\t\t<label for=\"form-field-field_831c370\" class=\"elementor-field-label elementor-screen-only\">\n\t\t\t\t\t\t\t\tSuir Modelo 036\t\t\t\t\t\t\t<\/label>\n\t\t\t\t\t\t\t\t<input type=\"file\" name=\"form_fields[field_831c370]\" id=\"form-field-field_831c370\" class=\"elementor-field elementor-size-sm  elementor-upload-field\">\n\n\t\t\t\t\t\t<\/div>\n\t\t\t\t\t\t\t\t<div class=\"elementor-field-group elementor-column elementor-field-type-submit elementor-col-100 e-form__buttons\">\n\t\t\t\t\t<button class=\"elementor-button elementor-size-sm\" type=\"submit\">\n\t\t\t\t\t\t<span class=\"elementor-button-content-wrapper\">\n\t\t\t\t\t\t\t\t\t\t\t\t\t\t\t\t\t\t\t\t\t\t<span class=\"elementor-button-text\">Solicitar descuento<\/span>\n\t\t\t\t\t\t\t\t\t\t\t\t\t<\/span>\n\t\t\t\t\t<\/button>\n\t\t\t\t<\/div>\n\t\t\t<\/div>\n\t\t<\/form>\n\t\t\t\t\t\t<\/div>\n\t\t\t\t<\/div>\n\t\t\t\t<\/div>\n\t\t\t\t\t<\/div>\n\t\t\t\t<\/div>\n\t\t\t\t<\/div>\n\t\t","protected":false},"excerpt":{"rendered":"<p>ATENCI\u00d3N !! Tenemos para profesionales con un descuento del 10% en todos los art\u00edculos de nuestra p\u00e1gina web. Lo \u00fanico que tienes que hacer es enviarnos a trav\u00e9s de este mail shop@patynails.com el modelo 036 de Hacienda para poder activar tu descuento en la web o rellena el siguiente formulario.<\/p>","protected":false},"author":7,"featured_media":0,"parent":0,"menu_order":0,"comment_status":"closed","ping_status":"closed","template":"elementor_header_footer","meta":{"footnotes":""},"class_list":["post-3494","page","type-page","status-publish","hentry"],"yoast_head":"<!-- This site is optimized with the Yoast SEO plugin v27.3 - https:\/\/yoast.com\/product\/yoast-seo-wordpress\/ -->\n<title>Tarifas profesionales - Patynails<\/title>\n<meta name=\"robots\" content=\"noindex, follow, max-snippet:-1, max-image-preview:large, max-video-preview:-1\" \/>\n<meta property=\"og:locale\" content=\"en_GB\" \/>\n<meta property=\"og:type\" content=\"article\" \/>\n<meta property=\"og:title\" content=\"Tarifas profesionales - Patynails\" \/>\n<meta property=\"og:description\" content=\"ATENCI\u00d3N !! Tenemos para profesionales con un descuento del 10% en todos los art\u00edculos de nuestra p\u00e1gina web. Lo \u00fanico que tienes que hacer es enviarnos a trav\u00e9s de este mail shop@patynails.com el modelo 036 de Hacienda para poder activar tu descuento en la web o rellena el siguiente formulario.\" \/>\n<meta property=\"og:url\" content=\"https:\/\/patynails.adrirodrigom5.es\/en\/tarifas-profesionales\/\" \/>\n<meta property=\"og:site_name\" content=\"Patynails\" \/>\n<meta property=\"article:modified_time\" content=\"2025-11-24T11:18:20+00:00\" \/>\n<meta name=\"twitter:card\" content=\"summary_large_image\" \/>\n<meta name=\"twitter:label1\" content=\"Estimated reading time\" \/>\n\t<meta name=\"twitter:data1\" content=\"1 minute\" \/>\n<script type=\"application\/ld+json\" class=\"yoast-schema-graph\">{\"@context\":\"https:\\\/\\\/schema.org\",\"@graph\":[{\"@type\":\"WebPage\",\"@id\":\"https:\\\/\\\/patynails.adrirodrigom5.es\\\/tarifas-profesionales\\\/\",\"url\":\"https:\\\/\\\/patynails.adrirodrigom5.es\\\/tarifas-profesionales\\\/\",\"name\":\"Tarifas profesionales - Patynails\",\"isPartOf\":{\"@id\":\"https:\\\/\\\/patynails.adrirodrigom5.es\\\/#website\"},\"datePublished\":\"2025-11-14T12:07:53+00:00\",\"dateModified\":\"2025-11-24T11:18:20+00:00\",\"breadcrumb\":{\"@id\":\"https:\\\/\\\/patynails.adrirodrigom5.es\\\/tarifas-profesionales\\\/#breadcrumb\"},\"inLanguage\":\"en-GB\",\"potentialAction\":[{\"@type\":\"ReadAction\",\"target\":[\"https:\\\/\\\/patynails.adrirodrigom5.es\\\/tarifas-profesionales\\\/\"]}]},{\"@type\":\"BreadcrumbList\",\"@id\":\"https:\\\/\\\/patynails.adrirodrigom5.es\\\/tarifas-profesionales\\\/#breadcrumb\",\"itemListElement\":[{\"@type\":\"ListItem\",\"position\":1,\"name\":\"Portada\",\"item\":\"https:\\\/\\\/patynails.adrirodrigom5.es\\\/es\\\/\"},{\"@type\":\"ListItem\",\"position\":2,\"name\":\"Tarifas profesionales\"}]},{\"@type\":\"WebSite\",\"@id\":\"https:\\\/\\\/patynails.adrirodrigom5.es\\\/#website\",\"url\":\"https:\\\/\\\/patynails.adrirodrigom5.es\\\/\",\"name\":\"Patynails\",\"description\":\"\",\"publisher\":{\"@id\":\"https:\\\/\\\/patynails.adrirodrigom5.es\\\/#organization\"},\"potentialAction\":[{\"@type\":\"SearchAction\",\"target\":{\"@type\":\"EntryPoint\",\"urlTemplate\":\"https:\\\/\\\/patynails.adrirodrigom5.es\\\/?s={search_term_string}\"},\"query-input\":{\"@type\":\"PropertyValueSpecification\",\"valueRequired\":true,\"valueName\":\"search_term_string\"}}],\"inLanguage\":\"en-GB\"},{\"@type\":\"Organization\",\"@id\":\"https:\\\/\\\/patynails.adrirodrigom5.es\\\/#organization\",\"name\":\"Patynails\",\"url\":\"https:\\\/\\\/patynails.adrirodrigom5.es\\\/\",\"logo\":{\"@type\":\"ImageObject\",\"inLanguage\":\"en-GB\",\"@id\":\"https:\\\/\\\/patynails.adrirodrigom5.es\\\/#\\\/schema\\\/logo\\\/image\\\/\",\"url\":\"https:\\\/\\\/patynails.adrirodrigom5.es\\\/wp-content\\\/uploads\\\/2025\\\/11\\\/logo.png\",\"contentUrl\":\"https:\\\/\\\/patynails.adrirodrigom5.es\\\/wp-content\\\/uploads\\\/2025\\\/11\\\/logo.png\",\"width\":1200,\"height\":161,\"caption\":\"Patynails\"},\"image\":{\"@id\":\"https:\\\/\\\/patynails.adrirodrigom5.es\\\/#\\\/schema\\\/logo\\\/image\\\/\"}}]}<\/script>\n<!-- \/ Yoast SEO plugin. -->","yoast_head_json":{"title":"Tarifas profesionales - Patynails","robots":{"index":"noindex","follow":"follow","max-snippet":"max-snippet:-1","max-image-preview":"max-image-preview:large","max-video-preview":"max-video-preview:-1"},"og_locale":"en_GB","og_type":"article","og_title":"Tarifas profesionales - Patynails","og_description":"ATENCI\u00d3N !! Tenemos para profesionales con un descuento del 10% en todos los art\u00edculos de nuestra p\u00e1gina web. Lo \u00fanico que tienes que hacer es enviarnos a trav\u00e9s de este mail shop@patynails.com el modelo 036 de Hacienda para poder activar tu descuento en la web o rellena el siguiente formulario.","og_url":"https:\/\/patynails.adrirodrigom5.es\/en\/tarifas-profesionales\/","og_site_name":"Patynails","article_modified_time":"2025-11-24T11:18:20+00:00","twitter_card":"summary_large_image","twitter_misc":{"Estimated reading time":"1 minute"},"schema":{"@context":"https:\/\/schema.org","@graph":[{"@type":"WebPage","@id":"https:\/\/patynails.adrirodrigom5.es\/tarifas-profesionales\/","url":"https:\/\/patynails.adrirodrigom5.es\/tarifas-profesionales\/","name":"Tarifas profesionales - Patynails","isPartOf":{"@id":"https:\/\/patynails.adrirodrigom5.es\/#website"},"datePublished":"2025-11-14T12:07:53+00:00","dateModified":"2025-11-24T11:18:20+00:00","breadcrumb":{"@id":"https:\/\/patynails.adrirodrigom5.es\/tarifas-profesionales\/#breadcrumb"},"inLanguage":"en-GB","potentialAction":[{"@type":"ReadAction","target":["https:\/\/patynails.adrirodrigom5.es\/tarifas-profesionales\/"]}]},{"@type":"BreadcrumbList","@id":"https:\/\/patynails.adrirodrigom5.es\/tarifas-profesionales\/#breadcrumb","itemListElement":[{"@type":"ListItem","position":1,"name":"Portada","item":"https:\/\/patynails.adrirodrigom5.es\/es\/"},{"@type":"ListItem","position":2,"name":"Tarifas profesionales"}]},{"@type":"WebSite","@id":"https:\/\/patynails.adrirodrigom5.es\/#website","url":"https:\/\/patynails.adrirodrigom5.es\/","name":"Patynails","description":"","publisher":{"@id":"https:\/\/patynails.adrirodrigom5.es\/#organization"},"potentialAction":[{"@type":"SearchAction","target":{"@type":"EntryPoint","urlTemplate":"https:\/\/patynails.adrirodrigom5.es\/?s={search_term_string}"},"query-input":{"@type":"PropertyValueSpecification","valueRequired":true,"valueName":"search_term_string"}}],"inLanguage":"en-GB"},{"@type":"Organization","@id":"https:\/\/patynails.adrirodrigom5.es\/#organization","name":"Patynails","url":"https:\/\/patynails.adrirodrigom5.es\/","logo":{"@type":"ImageObject","inLanguage":"en-GB","@id":"https:\/\/patynails.adrirodrigom5.es\/#\/schema\/logo\/image\/","url":"https:\/\/patynails.adrirodrigom5.es\/wp-content\/uploads\/2025\/11\/logo.png","contentUrl":"https:\/\/patynails.adrirodrigom5.es\/wp-content\/uploads\/2025\/11\/logo.png","width":1200,"height":161,"caption":"Patynails"},"image":{"@id":"https:\/\/patynails.adrirodrigom5.es\/#\/schema\/logo\/image\/"}}]}},"_links":{"self":[{"href":"https:\/\/patynails.adrirodrigom5.es\/en\/wp-json\/wp\/v2\/pages\/3494","targetHints":{"allow":["GET"]}}],"collection":[{"href":"https:\/\/patynails.adrirodrigom5.es\/en\/wp-json\/wp\/v2\/pages"}],"about":[{"href":"https:\/\/patynails.adrirodrigom5.es\/en\/wp-json\/wp\/v2\/types\/page"}],"author":[{"embeddable":true,"href":"https:\/\/patynails.adrirodrigom5.es\/en\/wp-json\/wp\/v2\/users\/7"}],"replies":[{"embeddable":true,"href":"https:\/\/patynails.adrirodrigom5.es\/en\/wp-json\/wp\/v2\/comments?post=3494"}],"version-history":[{"count":25,"href":"https:\/\/patynails.adrirodrigom5.es\/en\/wp-json\/wp\/v2\/pages\/3494\/revisions"}],"predecessor-version":[{"id":3838,"href":"https:\/\/patynails.adrirodrigom5.es\/en\/wp-json\/wp\/v2\/pages\/3494\/revisions\/3838"}],"wp:attachment":[{"href":"https:\/\/patynails.adrirodrigom5.es\/en\/wp-json\/wp\/v2\/media?parent=3494"}],"curies":[{"name":"wp","href":"https:\/\/api.w.org\/{rel}","templated":true}]}}